{"id":417,"date":"2024-10-09T12:50:20","date_gmt":"2024-10-09T16:50:20","guid":{"rendered":"https:\/\/assurancespme.ca\/?page_id=417"},"modified":"2025-07-18T17:22:39","modified_gmt":"2025-07-18T21:22:39","slug":"formulairedevis","status":"publish","type":"page","link":"https:\/\/assurancespme.ca\/en\/formulairedevis\/","title":{"rendered":"FormulaireDevis"},"content":{"rendered":"<div data-elementor-type=\"wp-page\" data-elementor-id=\"417\" class=\"elementor elementor-417\" data-elementor-post-type=\"page\">\n\t\t\t\t<div data-particle_enable=\"false\" data-particle-mobile-disabled=\"false\" class=\"elementor-element elementor-element-c40b0de e-flex e-con-boxed e-con e-parent\" data-id=\"c40b0de\" data-element_type=\"container\" data-settings=\"{&quot;background_background&quot;:&quot;classic&quot;,&quot;shape_divider_top&quot;:&quot;opacity-tilt&quot;}\">\n\t\t\t\t\t<div class=\"e-con-inner\">\n\t\t\t\t<div class=\"elementor-shape elementor-shape-top\" aria-hidden=\"true\" data-negative=\"false\">\n\t\t\t<svg xmlns=\"http:\/\/www.w3.org\/2000\/svg\" viewbox=\"0 0 2600 131.1\" preserveaspectratio=\"none\">\n\t<path class=\"elementor-shape-fill\" d=\"M0 0L2600 0 2600 69.1 0 0z\"\/>\n\t<path class=\"elementor-shape-fill\" style=\"opacity:0.5\" d=\"M0 0L2600 0 2600 69.1 0 69.1z\"\/>\n\t<path class=\"elementor-shape-fill\" style=\"opacity:0.25\" d=\"M2600 0L0 0 0 130.1 2600 69.1z\"\/>\n<\/svg>\t\t<\/div>\n\t\t\t\t<div class=\"elementor-element elementor-element-d1eccdd elementor-widget elementor-widget-heading\" data-id=\"d1eccdd\" data-element_type=\"widget\" data-widget_type=\"heading.default\">\n\t\t\t\t<div class=\"elementor-widget-container\">\n\t\t\t\t\t<h2 class=\"elementor-heading-title elementor-size-default\">Get a Custom Quote<\/h2>\t\t\t\t<\/div>\n\t\t\t\t<\/div>\n\t\t\t\t\t<\/div>\n\t\t\t\t<\/div>\n\t\t<div data-particle_enable=\"false\" data-particle-mobile-disabled=\"false\" class=\"elementor-element elementor-element-549bc88 e-flex e-con-boxed e-con e-parent\" data-id=\"549bc88\" data-element_type=\"container\">\n\t\t\t\t\t<div class=\"e-con-inner\">\n\t\t\t\t<div class=\"elementor-element elementor-element-3c4af72 elementor-widget elementor-widget-spacer\" data-id=\"3c4af72\" data-element_type=\"widget\" data-widget_type=\"spacer.default\">\n\t\t\t\t<div class=\"elementor-widget-container\">\n\t\t\t\t\t\t\t<div class=\"elementor-spacer\">\n\t\t\t<div class=\"elementor-spacer-inner\"><\/div>\n\t\t<\/div>\n\t\t\t\t\t\t<\/div>\n\t\t\t\t<\/div>\n\t\t<div data-particle_enable=\"false\" data-particle-mobile-disabled=\"false\" class=\"elementor-element elementor-element-57d9f16 e-con-full e-flex e-con e-child\" data-id=\"57d9f16\" data-element_type=\"container\" data-settings=\"{&quot;background_background&quot;:&quot;classic&quot;}\">\n\t\t\t\t<div class=\"elementor-element elementor-element-33dab9b elementor-widget elementor-widget-heading\" data-id=\"33dab9b\" data-element_type=\"widget\" data-widget_type=\"heading.default\">\n\t\t\t\t<div class=\"elementor-widget-container\">\n\t\t\t\t\t<h2 class=\"elementor-heading-title elementor-size-default\">Receive a tailor-made Offer for Your Business<\/h2>\t\t\t\t<\/div>\n\t\t\t\t<\/div>\n\t\t\t\t<div class=\"elementor-element elementor-element-48b129b elementor-widget elementor-widget-text-editor\" data-id=\"48b129b\" data-element_type=\"widget\" data-widget_type=\"text-editor.default\">\n\t\t\t\t<div class=\"elementor-widget-container\">\n\t\t\t\t\t\t\t\t\t<p>At <strong>Assurances PME&nbsp;<\/strong>we know that every business is unique. It is why we offer you a custom quote which corresponds precisely to the needs of your business. In a few simple steps, you can get a detailed offer to protect your property, your employees and to ensure continuity of your business in the event of the unforeseen.<\/p>\t\t\t\t\t\t\t\t<\/div>\n\t\t\t\t<\/div>\n\t\t\t\t<div class=\"elementor-element elementor-element-2b548f6 elementor-widget elementor-widget-heading\" data-id=\"2b548f6\" data-element_type=\"widget\" data-widget_type=\"heading.default\">\n\t\t\t\t<div class=\"elementor-widget-container\">\n\t\t\t\t\t<h2 class=\"elementor-heading-title elementor-size-default\">Quote form : Quick and Simple<\/h2>\t\t\t\t<\/div>\n\t\t\t\t<\/div>\n\t\t\t\t<div class=\"elementor-element elementor-element-a9b18c4 elementor-widget elementor-widget-heading\" data-id=\"a9b18c4\" data-element_type=\"widget\" data-widget_type=\"heading.default\">\n\t\t\t\t<div class=\"elementor-widget-container\">\n\t\t\t\t\t<h2 class=\"elementor-heading-title elementor-size-default\">Fill out the information below to receive your free no obligation estimate :<\/h2>\t\t\t\t<\/div>\n\t\t\t\t<\/div>\n\t\t<div data-particle_enable=\"false\" data-particle-mobile-disabled=\"false\" class=\"elementor-element elementor-element-3b63133 e-con-full e-flex e-con e-child\" data-id=\"3b63133\" data-element_type=\"container\">\n\t\t\t\t<div class=\"elementor-element elementor-element-74d7908 elementor-button-align-stretch elementor-widget elementor-widget-form\" data-id=\"74d7908\" data-element_type=\"widget\" data-settings=\"{&quot;step_next_label&quot;:&quot;Next&quot;,&quot;step_previous_label&quot;:&quot;Previous&quot;,&quot;step_type&quot;:&quot;number_text&quot;,&quot;step_icon_shape&quot;:&quot;circle&quot;}\" data-widget_type=\"form.default\">\n\t\t\t\t<div class=\"elementor-widget-container\">\n\t\t\t\t\t\t\t<form class=\"elementor-form\" method=\"post\" name=\"LeadForm\" aria-label=\"LeadForm\" action=\"\">\r\n\t\t\t<input type=\"hidden\" name=\"post_id\" value=\"417\"\/>\r\n\t\t\t<input type=\"hidden\" name=\"form_id\" value=\"74d7908\"\/>\r\n\t\t\t<input type=\"hidden\" name=\"referer_title\" value=\"FormulaireDevis\" \/>\r\n\r\n\t\t\t\t\t\t\t<input type=\"hidden\" name=\"queried_id\" value=\"417\"\/>\r\n\t\t\t\r\n\t\t\t<div class=\"elementor-form-fields-wrapper elementor-labels-above\">\r\n\t\t\t\t\t\t\t\t<div class=\"elementor-field-type-text elementor-field-group elementor-column elementor-field-group-name elementor-col-50 elementor-field-required elementor-mark-required\">\r\n\t\t\t\t\t\t\t\t\t\t\t\t<label for=\"form-field-name\" class=\"elementor-field-label\">\r\n\t\t\t\t\t\t\t\tName\t\t\t\t\t\t\t<\/label>\r\n\t\t\t\t\t\t\t\t\t\t\t\t\t\t<input size=\"1\" type=\"text\" name=\"form_fields[name]\" id=\"form-field-name\" class=\"elementor-field elementor-size-xs  elementor-field-textual\" placeholder=\"Smith\" required=\"required\">\r\n\t\t\t\t\t\t\t\t\t\t\t<\/div>\r\n\t\t\t\t\t\t\t\t<div class=\"elementor-field-type-text elementor-field-group elementor-column elementor-field-group-field_adfdc90 elementor-col-50 elementor-field-required elementor-mark-required\">\r\n\t\t\t\t\t\t\t\t\t\t\t\t<label for=\"form-field-field_adfdc90\" class=\"elementor-field-label\">\r\n\t\t\t\t\t\t\t\tFirst name\t\t\t\t\t\t\t<\/label>\r\n\t\t\t\t\t\t\t\t\t\t\t\t\t\t<input size=\"1\" type=\"text\" name=\"form_fields[field_adfdc90]\" id=\"form-field-field_adfdc90\" class=\"elementor-field elementor-size-xs  elementor-field-textual\" placeholder=\"John\" required=\"required\">\r\n\t\t\t\t\t\t\t\t\t\t\t<\/div>\r\n\t\t\t\t\t\t\t\t<div class=\"elementor-field-type-text elementor-field-group elementor-column elementor-field-group-field_1efbee3 elementor-col-100 elementor-field-required elementor-mark-required\">\r\n\t\t\t\t\t\t\t\t\t\t\t\t<label for=\"form-field-field_1efbee3\" class=\"elementor-field-label\">\r\n\t\t\t\t\t\t\t\tCompany name\t\t\t\t\t\t\t<\/label>\r\n\t\t\t\t\t\t\t\t\t\t\t\t\t\t<input size=\"1\" type=\"text\" name=\"form_fields[field_1efbee3]\" id=\"form-field-field_1efbee3\" class=\"elementor-field elementor-size-xs  elementor-field-textual\" required=\"required\">\r\n\t\t\t\t\t\t\t\t\t\t\t<\/div>\r\n\t\t\t\t\t\t\t\t<div class=\"elementor-field-type-email elementor-field-group elementor-column elementor-field-group-email elementor-col-50 elementor-field-required elementor-mark-required\">\r\n\t\t\t\t\t\t\t\t\t\t\t\t<label for=\"form-field-email\" class=\"elementor-field-label\">\r\n\t\t\t\t\t\t\t\tE-mail\t\t\t\t\t\t\t<\/label>\r\n\t\t\t\t\t\t\t\t\t\t\t\t\t\t<input size=\"1\" type=\"email\" name=\"form_fields[email]\" id=\"form-field-email\" class=\"elementor-field elementor-size-xs  elementor-field-textual\" placeholder=\"example@domain.com\" required=\"required\">\r\n\t\t\t\t\t\t\t\t\t\t\t<\/div>\r\n\t\t\t\t\t\t\t\t<div class=\"elementor-field-type-tel elementor-field-group elementor-column elementor-field-group-field_688509b elementor-col-50 elementor-field-required elementor-mark-required\">\r\n\t\t\t\t\t\t\t\t\t\t\t\t<label for=\"form-field-field_688509b\" class=\"elementor-field-label\">\r\n\t\t\t\t\t\t\t\tPhone\t\t\t\t\t\t\t<\/label>\r\n\t\t\t\t\t\t\t\t<input size=\"1\" type=\"tel\" name=\"form_fields[field_688509b]\" id=\"form-field-field_688509b\" class=\"elementor-field elementor-size-xs  elementor-field-textual\" placeholder=\"+1 (888) 888-8888\" required=\"required\" pattern=\"[0-9()#&amp;+*-=.]+\" title=\"Only numbers and phone characters (#, -, *, etc) are accepted.\" data-no-translation-title=\"\">\r\n\r\n\t\t\t\t\t\t<\/div>\r\n\t\t\t\t\t\t\t\t<div class=\"elementor-field-type-checkbox elementor-field-group elementor-column elementor-field-group-field_a05d33a elementor-col-100\">\r\n\t\t\t\t\t\t\t\t\t\t\t\t<label for=\"form-field-field_a05d33a\" class=\"elementor-field-label\">\r\n\t\t\t\t\t\t\t\tType of insurance desired\t\t\t\t\t\t\t<\/label>\r\n\t\t\t\t\t\t<div class=\"elementor-field-subgroup\"><span class=\"elementor-field-option\"><input type=\"checkbox\" value=\"Assurance invalidit\u00e9\" id=\"form-field-field_a05d33a-0\" name=\"form_fields[field_a05d33a][]\"> <label for=\"form-field-field_a05d33a-0\">Disability insurance<\/label><\/span><span class=\"elementor-field-option\"><input type=\"checkbox\" value=\"Assurance vie\" id=\"form-field-field_a05d33a-1\" name=\"form_fields[field_a05d33a][]\"> <label for=\"form-field-field_a05d33a-1\">Life insurance<\/label><\/span><span class=\"elementor-field-option\"><input type=\"checkbox\" value=\"Assurance d\u00e9c\u00e8s, mutilation ou perte d\u2019usage par accident\" id=\"form-field-field_a05d33a-2\" name=\"form_fields[field_a05d33a][]\"> <label for=\"form-field-field_a05d33a-2\">Accidental death, dismemberment or loss of use by accident<\/label><\/span><span class=\"elementor-field-option\"><input type=\"checkbox\" value=\"Assurance maladie compl\u00e9mentaire\" id=\"form-field-field_a05d33a-3\" name=\"form_fields[field_a05d33a][]\"> <label for=\"form-field-field_a05d33a-3\">Complementary health insurance<\/label><\/span><span class=\"elementor-field-option\"><input type=\"checkbox\" value=\"Assurance m\u00e9dicaments, pour des m\u00e9dicaments plus abordables\" id=\"form-field-field_a05d33a-4\" name=\"form_fields[field_a05d33a][]\"> <label for=\"form-field-field_a05d33a-4\">Prescription drug insurance coverage for prescription medications more affordable<\/label><\/span><span class=\"elementor-field-option\"><input type=\"checkbox\" value=\"Remboursement des primes \" id=\"form-field-field_a05d33a-5\" name=\"form_fields[field_a05d33a][]\"> <label for=\"form-field-field_a05d33a-5\">Return of premium <\/label><\/span><span class=\"elementor-field-option\"><input type=\"checkbox\" value=\"Assurance frais g\u00e9n\u00e9raux\" id=\"form-field-field_a05d33a-6\" name=\"form_fields[field_a05d33a][]\"> <label for=\"form-field-field_a05d33a-6\">Insurance general expenses<\/label><\/span><span class=\"elementor-field-option\"><input type=\"checkbox\" value=\"Assurance pr\u00eat\" id=\"form-field-field_a05d33a-7\" name=\"form_fields[field_a05d33a][]\"> <label for=\"form-field-field_a05d33a-7\">Loan insurance<\/label><\/span><span class=\"elementor-field-option\"><input type=\"checkbox\" value=\"Assurance maladies graves\" id=\"form-field-field_a05d33a-8\" name=\"form_fields[field_a05d33a][]\"> <label for=\"form-field-field_a05d33a-8\">Critical illness insurance<\/label><\/span><span class=\"elementor-field-option\"><input type=\"checkbox\" value=\"Protection en cas de cancer\" id=\"form-field-field_a05d33a-9\" name=\"form_fields[field_a05d33a][]\"> <label for=\"form-field-field_a05d33a-9\">Protection in cases of cancer<\/label><\/span><span class=\"elementor-field-option\"><input type=\"checkbox\" value=\"Assurance soins dentaires\" id=\"form-field-field_a05d33a-10\" name=\"form_fields[field_a05d33a][]\"> <label for=\"form-field-field_a05d33a-10\">Dental insurance<\/label><\/span><span class=\"elementor-field-option\"><input type=\"checkbox\" value=\"Assurance voyage et assistance internationale\" id=\"form-field-field_a05d33a-11\" name=\"form_fields[field_a05d33a][]\"> <label for=\"form-field-field_a05d33a-11\">Travel insurance and international assistance<\/label><\/span><span class=\"elementor-field-option\"><input type=\"checkbox\" value=\"Protections pour retrait\u00e9s\" id=\"form-field-field_a05d33a-12\" name=\"form_fields[field_a05d33a][]\"> <label for=\"form-field-field_a05d33a-12\">Protections for retirees<\/label><\/span><span class=\"elementor-field-option\"><input type=\"checkbox\" value=\"Protections pour les employ\u00e9s de PME\" id=\"form-field-field_a05d33a-13\" name=\"form_fields[field_a05d33a][]\"> <label for=\"form-field-field_a05d33a-13\">Protections for employees of SMES<\/label><\/span><span class=\"elementor-field-option\"><input type=\"checkbox\" value=\"Assurance facultative en cas de maladie grave\" id=\"form-field-field_a05d33a-14\" name=\"form_fields[field_a05d33a][]\"> <label for=\"form-field-field_a05d33a-14\">Optional insurance in the event of a serious illness<\/label><\/span><span class=\"elementor-field-option\"><input type=\"checkbox\" value=\"Services ASE + Biron\" id=\"form-field-field_a05d33a-15\" name=\"form_fields[field_a05d33a][]\"> <label for=\"form-field-field_a05d33a-15\">Services ASE + Biron<\/label><\/span><span class=\"elementor-field-option\"><input type=\"checkbox\" value=\"Combo Vie \u2013 Frais M\u00e9dicaux \u2013 Voyage\" id=\"form-field-field_a05d33a-16\" name=\"form_fields[field_a05d33a][]\"> <label for=\"form-field-field_a05d33a-16\">Combo Life \u2013 Medical Expenses \u2013 Travel<\/label><\/span><span class=\"elementor-field-option\"><input type=\"checkbox\" value=\"Comparable Collectif vs Groupe Association\" id=\"form-field-field_a05d33a-17\" name=\"form_fields[field_a05d33a][]\"> <label for=\"form-field-field_a05d33a-17\">Comparable Collective vs Group Association<\/label><\/span><\/div>\t\t\t\t<\/div>\r\n\t\t\t\t\t\t\t\t<div class=\"elementor-field-type-textarea elementor-field-group elementor-column elementor-field-group-message elementor-col-100\">\r\n\t\t\t\t\t\t\t\t\t\t\t\t<label for=\"form-field-message\" class=\"elementor-field-label\">\r\n\t\t\t\t\t\t\t\tDescription of your specific needs\t\t\t\t\t\t\t<\/label>\r\n\t\t\t\t\t\t<textarea class=\"elementor-field-textual elementor-field  elementor-size-xs\" name=\"form_fields[message]\" id=\"form-field-message\" rows=\"6\" placeholder=\"Please describe your business and your insurance needs....\"><\/textarea>\t\t\t\t<\/div>\r\n\t\t\t\t\t\t\t\t<div class=\"elementor-field-type-number elementor-field-group elementor-column elementor-field-group-field_35beb7f elementor-col-100\">\r\n\t\t\t\t\t\t\t\t\t\t\t\t<label for=\"form-field-field_35beb7f\" class=\"elementor-field-label\">\r\n\t\t\t\t\t\t\t\tEstimated Budget <small>(optional)<\/small>\t\t\t\t\t\t\t<\/label>\r\n\t\t\t\t\t\t\t\t\t<input type=\"number\" name=\"form_fields[field_35beb7f]\" id=\"form-field-field_35beb7f\" class=\"elementor-field elementor-size-xs  elementor-field-textual\" placeholder=\"0\" min=\"1\" max=\"999999999\" >\r\n\t\t\t\t\t\t<\/div>\r\n\t\t\t\t\t\t\t\t<div class=\"elementor-field-type-recaptcha_v3 elementor-field-group elementor-column elementor-field-group-field_7f1fbc6 elementor-col-100 recaptcha_v3-bottomright\">\r\n\t\t\t\t\t<div class=\"elementor-field\" id=\"form-field-field_7f1fbc6\"><div class=\"elementor-g-recaptcha\" data-sitekey=\"6LeQNHgqAAAAAMBsuomJ9M79_MvpvmqlwU1Pr_J1\" data-type=\"v3\" data-action=\"Form\" data-badge=\"bottomright\" data-size=\"invisible\"><\/div><\/div>\t\t\t\t<\/div>\r\n\t\t\t\t\t\t\t\t<div class=\"elementor-field-group elementor-column elementor-field-type-submit elementor-col-100 e-form__buttons\">\r\n\t\t\t\t\t<button class=\"elementor-button elementor-size-sm\" type=\"submit\">\r\n\t\t\t\t\t\t<span class=\"elementor-button-content-wrapper\">\r\n\t\t\t\t\t\t\t\t\t\t\t\t\t\t\t<span class=\"elementor-button-icon\">\r\n\t\t\t\t\t\t\t\t\t<svg aria-hidden=\"true\" class=\"e-font-icon-svg e-fas-paper-plane\" viewbox=\"0 0 512 512\" xmlns=\"http:\/\/www.w3.org\/2000\/svg\"><path d=\"M476 3.2L12.5 270.6c-18.1 10.4-15.8 35.6 2.2 43.2L121 358.4l287.3-253.2c5.5-4.9 13.3 2.6 8.6 8.3L176 407v80.5c0 23.6 28.5 32.9 42.5 15.8L282 426l124.6 52.2c14.2 6 30.4-2.9 33-18.2l72-432C515 7.8 493.3-6.8 476 3.2z\"><\/path><\/svg>\t\t\t\t\t\t\t\t\t\t\t\t\t\t\t\t\t<\/span>\r\n\t\t\t\t\t\t\t\t\t\t\t\t\t\t\t\t\t\t\t\t\t\t<span class=\"elementor-button-text\">Submit<\/span>\r\n\t\t\t\t\t\t\t\t\t\t\t\t\t<\/span>\r\n\t\t\t\t\t<\/button>\r\n\t\t\t\t<\/div>\r\n\t\t\t<\/div>\r\n\t\t<input type=\"hidden\" name=\"trp-form-language\" value=\"en\"\/><\/form>\r\n\t\t\t\t\t\t<\/div>\n\t\t\t\t<\/div>\n\t\t\t\t<\/div>\n\t\t\t\t<div class=\"elementor-element elementor-element-96de704 elementor-widget elementor-widget-heading\" data-id=\"96de704\" data-element_type=\"widget\" data-widget_type=\"heading.default\">\n\t\t\t\t<div class=\"elementor-widget-container\">\n\t\t\t\t\t<h2 class=\"elementor-heading-title elementor-size-default\">Why Request a Quote ?<\/h2>\t\t\t\t<\/div>\n\t\t\t\t<\/div>\n\t\t\t\t<div class=\"elementor-element elementor-element-6b5c365 elementor-widget elementor-widget-heading\" data-id=\"6b5c365\" data-element_type=\"widget\" data-widget_type=\"heading.default\">\n\t\t\t\t<div class=\"elementor-widget-container\">\n\t\t\t\t\t<h2 class=\"elementor-heading-title elementor-size-default\">Choosing Insurance small business, you will benefit from :<\/h2>\t\t\t\t<\/div>\n\t\t\t\t<\/div>\n\t\t\t\t<div class=\"elementor-element elementor-element-5929b77 elementor-align-center elementor-icon-list--layout-traditional elementor-list-item-link-full_width elementor-widget elementor-widget-icon-list\" data-id=\"5929b77\" data-element_type=\"widget\" data-widget_type=\"icon-list.default\">\n\t\t\t\t<div class=\"elementor-widget-container\">\n\t\t\t\t\t\t\t<ul class=\"elementor-icon-list-items\">\n\t\t\t\t\t\t\t<li class=\"elementor-icon-list-item\">\n\t\t\t\t\t\t\t\t\t\t\t<span class=\"elementor-icon-list-icon\">\n\t\t\t\t\t\t\t<svg aria-hidden=\"true\" class=\"e-font-icon-svg e-fas-star\" viewbox=\"0 0 576 512\" xmlns=\"http:\/\/www.w3.org\/2000\/svg\"><path d=\"M259.3 17.8L194 150.2 47.9 171.5c-26.2 3.8-36.7 36.1-17.7 54.6l105.7 103-25 145.5c-4.5 26.3 23.2 46 46.4 33.7L288 439.6l130.7 68.7c23.2 12.2 50.9-7.4 46.4-33.7l-25-145.5 105.7-103c19-18.5 8.5-50.8-17.7-54.6L382 150.2 316.7 17.8c-11.7-23.6-45.6-23.9-57.4 0z\"><\/path><\/svg>\t\t\t\t\t\t<\/span>\n\t\t\t\t\t\t\t\t\t\t<span class=\"elementor-icon-list-text\">For a free estimate and fast your insurance needs<\/span>\n\t\t\t\t\t\t\t\t\t<\/li>\n\t\t\t\t\t\t\t\t<li class=\"elementor-icon-list-item\">\n\t\t\t\t\t\t\t\t\t\t\t<span class=\"elementor-icon-list-icon\">\n\t\t\t\t\t\t\t<svg aria-hidden=\"true\" class=\"e-font-icon-svg e-fas-star\" viewbox=\"0 0 576 512\" xmlns=\"http:\/\/www.w3.org\/2000\/svg\"><path d=\"M259.3 17.8L194 150.2 47.9 171.5c-26.2 3.8-36.7 36.1-17.7 54.6l105.7 103-25 145.5c-4.5 26.3 23.2 46 46.4 33.7L288 439.6l130.7 68.7c23.2 12.2 50.9-7.4 46.4-33.7l-25-145.5 105.7-103c19-18.5 8.5-50.8-17.7-54.6L382 150.2 316.7 17.8c-11.7-23.6-45.6-23.9-57.4 0z\"><\/path><\/svg>\t\t\t\t\t\t<\/span>\n\t\t\t\t\t\t\t\t\t\t<span class=\"elementor-icon-list-text\">Offers custom tailored to your sector of activity<\/span>\n\t\t\t\t\t\t\t\t\t<\/li>\n\t\t\t\t\t\t\t\t<li class=\"elementor-icon-list-item\">\n\t\t\t\t\t\t\t\t\t\t\t<span class=\"elementor-icon-list-icon\">\n\t\t\t\t\t\t\t<svg aria-hidden=\"true\" class=\"e-font-icon-svg e-fas-star\" viewbox=\"0 0 576 512\" xmlns=\"http:\/\/www.w3.org\/2000\/svg\"><path d=\"M259.3 17.8L194 150.2 47.9 171.5c-26.2 3.8-36.7 36.1-17.7 54.6l105.7 103-25 145.5c-4.5 26.3 23.2 46 46.4 33.7L288 439.6l130.7 68.7c23.2 12.2 50.9-7.4 46.4-33.7l-25-145.5 105.7-103c19-18.5 8.5-50.8-17.7-54.6L382 150.2 316.7 17.8c-11.7-23.6-45.6-23.9-57.4 0z\"><\/path><\/svg>\t\t\t\t\t\t<\/span>\n\t\t\t\t\t\t\t\t\t\t<span class=\"elementor-icon-list-text\">The possibility to compare several solutions to find the one that suits you the best<\/span>\n\t\t\t\t\t\t\t\t\t<\/li>\n\t\t\t\t\t\t\t\t<li class=\"elementor-icon-list-item\">\n\t\t\t\t\t\t\t\t\t\t\t<span class=\"elementor-icon-list-icon\">\n\t\t\t\t\t\t\t<svg aria-hidden=\"true\" class=\"e-font-icon-svg e-fas-star\" viewbox=\"0 0 576 512\" xmlns=\"http:\/\/www.w3.org\/2000\/svg\"><path d=\"M259.3 17.8L194 150.2 47.9 171.5c-26.2 3.8-36.7 36.1-17.7 54.6l105.7 103-25 145.5c-4.5 26.3 23.2 46 46.4 33.7L288 439.6l130.7 68.7c23.2 12.2 50.9-7.4 46.4-33.7l-25-145.5 105.7-103c19-18.5 8.5-50.8-17.7-54.6L382 150.2 316.7 17.8c-11.7-23.6-45.6-23.9-57.4 0z\"><\/path><\/svg>\t\t\t\t\t\t<\/span>\n\t\t\t\t\t\t\t\t\t\t<span class=\"elementor-icon-list-text\">A cover by our insurance experts ready to advise you at each step<\/span>\n\t\t\t\t\t\t\t\t\t<\/li>\n\t\t\t\t\t\t<\/ul>\n\t\t\t\t\t\t<\/div>\n\t\t\t\t<\/div>\n\t\t\t\t<div class=\"elementor-element elementor-element-b3b5683 eael-divider-center elementor-widget elementor-widget-eael-divider\" data-id=\"b3b5683\" data-element_type=\"widget\" data-widget_type=\"eael-divider.default\">\n\t\t\t\t<div class=\"elementor-widget-container\">\n\t\t\t\t\t\t\t<div class=\"eael-divider-wrap divider-direction-horizontal\">\n\t\t\t\t\t\t\t<div class=\"divider-text-container\">\n\t\t\t\t\t<div class=\"divider-text-wrap\">\n\t\t\t\t\t\t\t\t\t\t\t\t\t<span class=\"divider-border-wrap divider-border-left\">\n\t\t\t\t\t\t\t\t<span class=\"divider-border\"><\/span>\n\t\t\t\t\t\t\t<\/span>\n\t\t\t\t\t\t\t\t\t\t\t\t<span class=\"eael-divider-content\">\n\t\t\t\t\t\t\t\t\t\t\t\t\t\t\t<span class=\"eael-divider-image\">\n\t\t\t\t\t\t\t\t\t\t\t\t\t\t\t\t\t\t\t<img decoding=\"async\" src=\"https:\/\/assurancespme.ca\/wp-content\/uploads\/2024\/10\/employee-with-briefcase-umbrella_bg_removed-e1728324054701.png\" alt=\"\">\n\t\t\t\t\t\t\t\t\t\t\t\t\t\t\t\t\t<\/span>\n\t\t\t\t\t\t\t\t\t\t\t\t\t<\/span>\n\t\t\t\t\t\t\t\t\t\t\t\t\t<span class=\"divider-border-wrap divider-border-right\">\n\t\t\t\t\t\t\t\t<span class=\"divider-border\"><\/span>\n\t\t\t\t\t\t\t<\/span>\n\t\t\t\t\t\t\t\t\t\t\t<\/div>\n\t\t\t\t<\/div>\n\t\t\t\t\t<\/div>\n\t\t\t\t<\/div>\n\t\t\t\t<\/div>\n\t\t\t\t<div class=\"elementor-element elementor-element-2f45bd8 elementor-widget elementor-widget-heading\" data-id=\"2f45bd8\" data-element_type=\"widget\" data-widget_type=\"heading.default\">\n\t\t\t\t<div class=\"elementor-widget-container\">\n\t\t\t\t\t<h2 class=\"elementor-heading-title elementor-size-default\">Need help ?<\/h2>\t\t\t\t<\/div>\n\t\t\t\t<\/div>\n\t\t\t\t<div class=\"elementor-element elementor-element-ab386ed elementor-widget elementor-widget-text-editor\" data-id=\"ab386ed\" data-element_type=\"widget\" data-widget_type=\"text-editor.default\">\n\t\t\t\t<div class=\"elementor-widget-container\">\n\t\t\t\t\t\t\t\t\t<p>If you have any questions before you submit your application, please do not hesitate to contact our team via our contact form or by telephone. Our advisors are at your disposal to guide you.<\/p>\t\t\t\t\t\t\t\t<\/div>\n\t\t\t\t<\/div>\n\t\t\t\t<div class=\"elementor-element elementor-element-bd56698 elementor-align-center elementor-widget elementor-widget-button\" data-id=\"bd56698\" data-element_type=\"widget\" data-widget_type=\"button.default\">\n\t\t\t\t<div class=\"elementor-widget-container\">\n\t\t\t\t\t\t\t\t\t<div class=\"elementor-button-wrapper\">\n\t\t\t\t\t<a class=\"elementor-button elementor-button-link elementor-size-sm\" href=\"\/en\/formulairecontact\/\">\n\t\t\t\t\t\t<span class=\"elementor-button-content-wrapper\">\n\t\t\t\t\t\t\t\t\t<span class=\"elementor-button-text\">Contact Us<\/span>\n\t\t\t\t\t<\/span>\n\t\t\t\t\t<\/a>\n\t\t\t\t<\/div>\n\t\t\t\t\t\t\t\t<\/div>\n\t\t\t\t<\/div>\n\t\t\t\t<\/div>\n\t\t\t\t<div class=\"elementor-element elementor-element-93522fa elementor-widget elementor-widget-spacer\" data-id=\"93522fa\" data-element_type=\"widget\" data-widget_type=\"spacer.default\">\n\t\t\t\t<div class=\"elementor-widget-container\">\n\t\t\t\t\t\t\t<div class=\"elementor-spacer\">\n\t\t\t<div class=\"elementor-spacer-inner\"><\/div>\n\t\t<\/div>\n\t\t\t\t\t\t<\/div>\n\t\t\t\t<\/div>\n\t\t\t\t\t<\/div>\n\t\t\t\t<\/div>\n\t\t\t\t<\/div>","protected":false},"excerpt":{"rendered":"<p>Obtenez un Devis Personnalis\u00e9 Recevez une Offre sur Mesure pour Votre Entreprise Chez Assurances PME, nous savons que chaque entreprise est unique. C\u2019est pourquoi nous vous proposons un devis personnalis\u00e9 qui correspond pr\u00e9cis\u00e9ment aux besoins de votre activit\u00e9. En quelques \u00e9tapes simples, vous pouvez obtenir une offre d\u00e9taill\u00e9e pour prot\u00e9ger vos biens, vos employ\u00e9s et [&hellip;]<\/p>","protected":false},"author":1,"featured_media":0,"parent":0,"menu_order":0,"comment_status":"closed","ping_status":"closed","template":"","meta":{"_seopress_robots_primary_cat":"","_seopress_titles_title":"","_seopress_titles_desc":"","_seopress_robots_index":"","footnotes":""},"class_list":["post-417","page","type-page","status-publish","hentry"],"_links":{"self":[{"href":"https:\/\/assurancespme.ca\/en\/wp-json\/wp\/v2\/pages\/417","targetHints":{"allow":["GET"]}}],"collection":[{"href":"https:\/\/assurancespme.ca\/en\/wp-json\/wp\/v2\/pages"}],"about":[{"href":"https:\/\/assurancespme.ca\/en\/wp-json\/wp\/v2\/types\/page"}],"author":[{"embeddable":true,"href":"https:\/\/assurancespme.ca\/en\/wp-json\/wp\/v2\/users\/1"}],"replies":[{"embeddable":true,"href":"https:\/\/assurancespme.ca\/en\/wp-json\/wp\/v2\/comments?post=417"}],"version-history":[{"count":9,"href":"https:\/\/assurancespme.ca\/en\/wp-json\/wp\/v2\/pages\/417\/revisions"}],"predecessor-version":[{"id":1231,"href":"https:\/\/assurancespme.ca\/en\/wp-json\/wp\/v2\/pages\/417\/revisions\/1231"}],"wp:attachment":[{"href":"https:\/\/assurancespme.ca\/en\/wp-json\/wp\/v2\/media?parent=417"}],"curies":[{"name":"wp","href":"https:\/\/api.w.org\/{rel}","templated":true}]}}